{"id":296,"date":"2024-08-02T04:19:09","date_gmt":"2024-08-02T04:19:09","guid":{"rendered":"https:\/\/auribalance.org\/?page_id=296"},"modified":"2025-10-14T02:45:28","modified_gmt":"2025-10-14T02:45:28","slug":"equipo-de-trabajo","status":"publish","type":"page","link":"https:\/\/auribalance.org\/index.php\/equipo-de-trabajo\/","title":{"rendered":"Equipo de Trabajo"},"content":{"rendered":"<p>[et_pb_section fb_built=\u00bb1&#8243; _builder_version=\u00bb4.26.1&#8243; _module_preset=\u00bbdefault\u00bb background_image=\u00bbhttps:\/\/auribalance.org\/wp-content\/uploads\/2024\/08\/Background-barra-equipodetrabajo-3-min.png\u00bb custom_margin=\u00bb100px||||false|false\u00bb custom_margin_tablet=\u00bb65px||||false|false\u00bb custom_margin_phone=\u00bb65px||||false|false\u00bb custom_margin_last_edited=\u00bbon|phone\u00bb global_colors_info=\u00bb{}\u00bb][et_pb_row _builder_version=\u00bb4.26.1&#8243; _module_preset=\u00bbdefault\u00bb global_colors_info=\u00bb{}\u00bb][et_pb_column type=\u00bb4_4&#8243; _builder_version=\u00bb4.26.1&#8243; _module_preset=\u00bbdefault\u00bb global_colors_info=\u00bb{}\u00bb][et_pb_text _builder_version=\u00bb4.26.1&#8243; _module_preset=\u00bbdefault\u00bb header_font=\u00bbADega Serif||||||||\u00bb header_text_align=\u00bbcenter\u00bb header_font_size=\u00bb100px\u00bb header_letter_spacing=\u00bb-5px\u00bb custom_padding=\u00bb45px||46px|||\u00bb animation_style=\u00bbbounce\u00bb animation_direction=\u00bbright\u00bb header_font_size_tablet=\u00bb70px\u00bb header_font_size_phone=\u00bb50px\u00bb header_font_size_last_edited=\u00bbon|phone\u00bb global_colors_info=\u00bb{}\u00bb]<\/p>\n<h1 style=\"background: -webkit-linear-gradient(-90deg, #9a6623 0%, #cab56d 35%, #56370f 100%) text; -webkit-text-fill-color: transparent;\">Equipo de Trabajo<\/h1>\n<p>[\/et_pb_text][\/et_pb_column][\/et_pb_row][\/et_pb_section][et_pb_section fb_built=\u00bb1&#8243; _builder_version=\u00bb4.26.1&#8243; _module_preset=\u00bbdefault\u00bb top_divider_style=\u00bbarrow3&#8243; top_divider_color=\u00bbrgba(224,208,206,0.73)\u00bb top_divider_height=\u00bb24px\u00bb global_colors_info=\u00bb{}\u00bb][et_pb_row _builder_version=\u00bb4.26.1&#8243; _module_preset=\u00bbdefault\u00bb global_colors_info=\u00bb{}\u00bb column_structure=\u00bb1_2,1_2&#8243;][et_pb_column type=\u00bb1_2&#8243; _builder_version=\u00bb4.26.1&#8243; _module_preset=\u00bbdefault\u00bb global_colors_info=\u00bb{}\u00bb][et_pb_text _builder_version=\u00bb4.26.1&#8243; _module_preset=\u00bbdefault\u00bb header_font=\u00bbAlmarai||||||||\u00bb header_text_align=\u00bbleft\u00bb animation_style=\u00bbbounce\u00bb animation_direction=\u00bbleft\u00bb header_font_size_tablet=\u00bb\u00bb header_font_size_phone=\u00bb\u00bb header_font_size_last_edited=\u00bbon|phone\u00bb global_colors_info=\u00bb{}\u00bb]<\/p>\n<h1><strong>MSc Karol Acosta Soto<\/strong><\/h1>\n<p>[\/et_pb_text][et_pb_text _builder_version=\u00bb4.26.1&#8243; _module_preset=\u00bbdefault\u00bb animation_style=\u00bbbounce\u00bb animation_direction=\u00bbtop\u00bb global_colors_info=\u00bb{}\u00bb]<\/p>\n<ul>\n<li><span>M\u00e1ster en Audiolog\u00eda Universidad Santa Paula.<\/span><\/li>\n<li><span>M\u00e1ster en Docencia en la Universidad Americana.<\/span><\/li>\n<li><span>Docente en la Universidad de Costa Rica.<\/span><\/li>\n<li><span>Posgrado en Rehabilitaci\u00f3n Vestibular.<\/span><\/li>\n<li><span>Posgrado en Actividad F\u00edsica infantojuvenil y adulto mayor.<\/span><span><\/span><\/li>\n<\/ul>\n<p><strong><span>Audi\u00f3loga Especializada en Diagn\u00f3stico Patol\u00f3gico de Pruebas Electrofisiol\u00f3gicas.<\/span><\/strong><\/p>\n<p><strong><span>Audi\u00f3loga Especializada en Adaptaci\u00f3n de Pr\u00f3tesis Auditivas.<\/span><\/strong><\/p>\n<p><strong><span>Audi\u00f3loga Especializada en Rehabilitaci\u00f3n Vestibular con Implementos de Realidad Virtual<\/span><\/strong><span>.<\/span><\/p>\n<p>[\/et_pb_text][\/et_pb_column][et_pb_column type=\u00bb1_2&#8243; _builder_version=\u00bb4.26.1&#8243; _module_preset=\u00bbdefault\u00bb global_colors_info=\u00bb{}\u00bb][et_pb_image src=\u00bbhttps:\/\/auribalance.org\/wp-content\/uploads\/2025\/10\/MG_8115.jpg\u00bb _builder_version=\u00bb4.26.1&#8243; _module_preset=\u00bbdefault\u00bb title_text=\u00bb_MG_8115&#8243; align=\u00bbcenter\u00bb width=\u00bb60%\u00bb hover_enabled=\u00bb0&#8243; sticky_enabled=\u00bb0&#8243; animation_style=\u00bbbounce\u00bb animation_direction=\u00bbright\u00bb][\/et_pb_image][\/et_pb_column][\/et_pb_row][\/et_pb_section]<\/p>\n","protected":false},"excerpt":{"rendered":"<p>Equipo de TrabajoMSc Karol Acosta Soto M\u00e1ster en Audiolog\u00eda Universidad Santa Paula. M\u00e1ster en Docencia en la Universidad Americana. Docente en la Universidad de Costa Rica. Posgrado en Rehabilitaci\u00f3n Vestibular. Posgrado en Actividad F\u00edsica infantojuvenil y adulto mayor. Audi\u00f3loga Especializada en Diagn\u00f3stico Patol\u00f3gico de Pruebas Electrofisiol\u00f3gicas. Audi\u00f3loga Especializada en Adaptaci\u00f3n de Pr\u00f3tesis Auditivas. Audi\u00f3loga Especializada [&hellip;]<\/p>\n","protected":false},"author":2,"featured_media":0,"parent":0,"menu_order":0,"comment_status":"closed","ping_status":"closed","template":"","meta":{"_et_pb_use_builder":"on","_et_pb_old_content":"","_et_gb_content_width":"","footnotes":""},"class_list":["post-296","page","type-page","status-publish","hentry"],"yoast_head":"<!-- This site is optimized with the Yoast SEO plugin v24.1 - https:\/\/yoast.com\/wordpress\/plugins\/seo\/ -->\n<title>Equipo de Trabajo - auriBalance<\/title>\n<meta name=\"robots\" content=\"index, follow, max-snippet:-1, max-image-preview:large, max-video-preview:-1\" \/>\n<link rel=\"canonical\" href=\"https:\/\/auribalance.org\/index.php\/equipo-de-trabajo\/\" \/>\n<meta property=\"og:locale\" content=\"es_ES\" \/>\n<meta property=\"og:type\" content=\"article\" \/>\n<meta property=\"og:title\" content=\"Equipo de Trabajo\" \/>\n<meta property=\"og:description\" content=\"Nuestro equipo de trabajo est\u00e1 listo para atenderte.\" \/>\n<meta property=\"og:url\" content=\"https:\/\/auribalance.org\/index.php\/equipo-de-trabajo\/\" \/>\n<meta property=\"og:site_name\" content=\"auriBalance\" \/>\n<meta property=\"article:modified_time\" content=\"2025-10-14T02:45:28+00:00\" \/>\n<meta property=\"og:image\" content=\"https:\/\/auribalance.org\/wp-content\/uploads\/2024\/08\/cropped-auriBalance-logo-favicon.png\" \/>\n\t<meta property=\"og:image:width\" content=\"512\" \/>\n\t<meta property=\"og:image:height\" content=\"512\" \/>\n\t<meta property=\"og:image:type\" content=\"image\/png\" \/>\n<meta name=\"twitter:card\" content=\"summary_large_image\" \/>\n<meta name=\"twitter:label1\" content=\"Tiempo de lectura\" \/>\n\t<meta name=\"twitter:data1\" content=\"1 minuto\" \/>\n<script type=\"application\/ld+json\" class=\"yoast-schema-graph\">{\"@context\":\"https:\/\/schema.org\",\"@graph\":[{\"@type\":\"WebPage\",\"@id\":\"https:\/\/auribalance.org\/index.php\/equipo-de-trabajo\/\",\"url\":\"https:\/\/auribalance.org\/index.php\/equipo-de-trabajo\/\",\"name\":\"Equipo de Trabajo - auriBalance\",\"isPartOf\":{\"@id\":\"https:\/\/auribalance.org\/#website\"},\"datePublished\":\"2024-08-02T04:19:09+00:00\",\"dateModified\":\"2025-10-14T02:45:28+00:00\",\"breadcrumb\":{\"@id\":\"https:\/\/auribalance.org\/index.php\/equipo-de-trabajo\/#breadcrumb\"},\"inLanguage\":\"es\",\"potentialAction\":[{\"@type\":\"ReadAction\",\"target\":[\"https:\/\/auribalance.org\/index.php\/equipo-de-trabajo\/\"]}]},{\"@type\":\"BreadcrumbList\",\"@id\":\"https:\/\/auribalance.org\/index.php\/equipo-de-trabajo\/#breadcrumb\",\"itemListElement\":[{\"@type\":\"ListItem\",\"position\":1,\"name\":\"Portada\",\"item\":\"https:\/\/auribalance.org\/\"},{\"@type\":\"ListItem\",\"position\":2,\"name\":\"Equipo de Trabajo\"}]},{\"@type\":\"WebSite\",\"@id\":\"https:\/\/auribalance.org\/#website\",\"url\":\"https:\/\/auribalance.org\/\",\"name\":\"auriBalance\",\"description\":\"Cl\u00ednica Integral de Audiolog\u00eda y Otoneurolog\u00eda\",\"potentialAction\":[{\"@type\":\"SearchAction\",\"target\":{\"@type\":\"EntryPoint\",\"urlTemplate\":\"https:\/\/auribalance.org\/?s={search_term_string}\"},\"query-input\":{\"@type\":\"PropertyValueSpecification\",\"valueRequired\":true,\"valueName\":\"search_term_string\"}}],\"inLanguage\":\"es\"}]}<\/script>\n<!-- \/ Yoast SEO plugin. -->","yoast_head_json":{"title":"Equipo de Trabajo - auriBalance","robots":{"index":"index","follow":"follow","max-snippet":"max-snippet:-1","max-image-preview":"max-image-preview:large","max-video-preview":"max-video-preview:-1"},"canonical":"https:\/\/auribalance.org\/index.php\/equipo-de-trabajo\/","og_locale":"es_ES","og_type":"article","og_title":"Equipo de Trabajo","og_description":"Nuestro equipo de trabajo est\u00e1 listo para atenderte.","og_url":"https:\/\/auribalance.org\/index.php\/equipo-de-trabajo\/","og_site_name":"auriBalance","article_modified_time":"2025-10-14T02:45:28+00:00","og_image":[{"width":512,"height":512,"url":"https:\/\/auribalance.org\/wp-content\/uploads\/2024\/08\/cropped-auriBalance-logo-favicon.png","type":"image\/png"}],"twitter_card":"summary_large_image","twitter_misc":{"Tiempo de lectura":"1 minuto"},"schema":{"@context":"https:\/\/schema.org","@graph":[{"@type":"WebPage","@id":"https:\/\/auribalance.org\/index.php\/equipo-de-trabajo\/","url":"https:\/\/auribalance.org\/index.php\/equipo-de-trabajo\/","name":"Equipo de Trabajo - auriBalance","isPartOf":{"@id":"https:\/\/auribalance.org\/#website"},"datePublished":"2024-08-02T04:19:09+00:00","dateModified":"2025-10-14T02:45:28+00:00","breadcrumb":{"@id":"https:\/\/auribalance.org\/index.php\/equipo-de-trabajo\/#breadcrumb"},"inLanguage":"es","potentialAction":[{"@type":"ReadAction","target":["https:\/\/auribalance.org\/index.php\/equipo-de-trabajo\/"]}]},{"@type":"BreadcrumbList","@id":"https:\/\/auribalance.org\/index.php\/equipo-de-trabajo\/#breadcrumb","itemListElement":[{"@type":"ListItem","position":1,"name":"Portada","item":"https:\/\/auribalance.org\/"},{"@type":"ListItem","position":2,"name":"Equipo de Trabajo"}]},{"@type":"WebSite","@id":"https:\/\/auribalance.org\/#website","url":"https:\/\/auribalance.org\/","name":"auriBalance","description":"Cl\u00ednica Integral de Audiolog\u00eda y Otoneurolog\u00eda","potentialAction":[{"@type":"SearchAction","target":{"@type":"EntryPoint","urlTemplate":"https:\/\/auribalance.org\/?s={search_term_string}"},"query-input":{"@type":"PropertyValueSpecification","valueRequired":true,"valueName":"search_term_string"}}],"inLanguage":"es"}]}},"_links":{"self":[{"href":"https:\/\/auribalance.org\/index.php\/wp-json\/wp\/v2\/pages\/296","targetHints":{"allow":["GET"]}}],"collection":[{"href":"https:\/\/auribalance.org\/index.php\/wp-json\/wp\/v2\/pages"}],"about":[{"href":"https:\/\/auribalance.org\/index.php\/wp-json\/wp\/v2\/types\/page"}],"author":[{"embeddable":true,"href":"https:\/\/auribalance.org\/index.php\/wp-json\/wp\/v2\/users\/2"}],"replies":[{"embeddable":true,"href":"https:\/\/auribalance.org\/index.php\/wp-json\/wp\/v2\/comments?post=296"}],"version-history":[{"count":25,"href":"https:\/\/auribalance.org\/index.php\/wp-json\/wp\/v2\/pages\/296\/revisions"}],"predecessor-version":[{"id":541,"href":"https:\/\/auribalance.org\/index.php\/wp-json\/wp\/v2\/pages\/296\/revisions\/541"}],"wp:attachment":[{"href":"https:\/\/auribalance.org\/index.php\/wp-json\/wp\/v2\/media?parent=296"}],"curies":[{"name":"wp","href":"https:\/\/api.w.org\/{rel}","templated":true}]}}