{"id":31,"date":"2024-07-31T19:26:35","date_gmt":"2024-07-31T19:26:35","guid":{"rendered":"https:\/\/auribalance.org\/?page_id=31"},"modified":"2025-10-14T03:18:17","modified_gmt":"2025-10-14T03:18:17","slug":"inicio","status":"publish","type":"page","link":"https:\/\/auribalance.org\/","title":{"rendered":"Inicio"},"content":{"rendered":"<p>[et_pb_section fb_built=\u00bb1&#8243; _builder_version=\u00bb4.26.1&#8243; _module_preset=\u00bbdefault\u00bb background_image=\u00bbhttps:\/\/auribalance.org\/wp-content\/uploads\/2024\/08\/Background-inicio-2-scaled.jpg\u00bb custom_margin=\u00bb100px||||false|false\u00bb custom_margin_tablet=\u00bb65px||||false|false\u00bb custom_margin_phone=\u00bb65px||||false|false\u00bb custom_margin_last_edited=\u00bbon|phone\u00bb custom_padding=\u00bb12px|||||\u00bb custom_css_main_element=\u00bbheight: 50vh;\u00bb global_colors_info=\u00bb{}\u00bb][et_pb_row column_structure=\u00bb1_2,1_2&#8243; use_custom_gutter=\u00bbon\u00bb gutter_width=\u00bb1&#8243; make_equal=\u00bbon\u00bb _builder_version=\u00bb4.26.1&#8243; _module_preset=\u00bbdefault\u00bb width=\u00bb100%\u00bb max_width=\u00bb90%\u00bb max_width_tablet=\u00bb90%\u00bb max_width_phone=\u00bb\u00bb max_width_last_edited=\u00bbon|desktop\u00bb module_alignment=\u00bbcenter\u00bb custom_margin=\u00bb50px||||false|false\u00bb custom_margin_tablet=\u00bb50px||||false|false\u00bb custom_margin_phone=\u00bb50px||||false|false\u00bb custom_margin_last_edited=\u00bbon|phone\u00bb global_colors_info=\u00bb{}\u00bb][et_pb_column type=\u00bb1_2&#8243; _builder_version=\u00bb4.26.1&#8243; _module_preset=\u00bbdefault\u00bb global_colors_info=\u00bb{}\u00bb][et_pb_slider show_arrows=\u00bboff\u00bb _builder_version=\u00bb4.26.1&#8243; _module_preset=\u00bbdefault\u00bb animation_style=\u00bbslide\u00bb animation_direction=\u00bbleft\u00bb auto=\u00bbon\u00bb auto_ignore_hover=\u00bbon\u00bb global_colors_info=\u00bb{}\u00bb][et_pb_slide _builder_version=\u00bb4.26.1&#8243; _module_preset=\u00bbdefault\u00bb background_enable_color=\u00bboff\u00bb background_image=\u00bbhttps:\/\/auribalance.org\/wp-content\/uploads\/2025\/10\/I2A2952-scaled.jpg\u00bb background_enable_image=\u00bbon\u00bb global_colors_info=\u00bb{}\u00bb sticky_transition=\u00bbon\u00bb]<\/p>\n<p>&nbsp;<\/p>\n<p>&nbsp;<\/p>\n<p>&nbsp;<\/p>\n<p>&nbsp;<\/p>\n<p>&nbsp;<\/p>\n<p>&nbsp;<\/p>\n<p>&nbsp;<\/p>\n<p>[\/et_pb_slide][et_pb_slide _builder_version=\u00bb4.26.1&#8243; _module_preset=\u00bbdefault\u00bb background_enable_color=\u00bboff\u00bb background_image=\u00bbhttps:\/\/auribalance.org\/wp-content\/uploads\/2025\/10\/I2A3014-scaled.jpg\u00bb background_enable_image=\u00bbon\u00bb global_colors_info=\u00bb{}\u00bb sticky_transition=\u00bbon\u00bb]<\/p>\n<p>&nbsp;<\/p>\n<p>&nbsp;<\/p>\n<p>&nbsp;<\/p>\n<p>&nbsp;<\/p>\n<p>&nbsp;<\/p>\n<p>&nbsp;<\/p>\n<p>&nbsp;<\/p>\n<p>[\/et_pb_slide][et_pb_slide _builder_version=\u00bb4.26.1&#8243; _module_preset=\u00bbdefault\u00bb background_enable_color=\u00bboff\u00bb background_image=\u00bbhttps:\/\/auribalance.org\/wp-content\/uploads\/2025\/10\/I2A3233-scaled.jpg\u00bb background_enable_image=\u00bbon\u00bb global_colors_info=\u00bb{}\u00bb sticky_transition=\u00bbon\u00bb]<\/p>\n<p>&nbsp;<\/p>\n<p>&nbsp;<\/p>\n<p>&nbsp;<\/p>\n<p>&nbsp;<\/p>\n<p>&nbsp;<\/p>\n<p>&nbsp;<\/p>\n<p>&nbsp;<\/p>\n<p>[\/et_pb_slide][et_pb_slide _builder_version=\u00bb4.26.1&#8243; _module_preset=\u00bbdefault\u00bb background_enable_color=\u00bboff\u00bb background_image=\u00bbhttps:\/\/auribalance.org\/wp-content\/uploads\/2025\/10\/A1A4108-scaled.jpg\u00bb background_enable_image=\u00bbon\u00bb global_colors_info=\u00bb{}\u00bb sticky_transition=\u00bbon\u00bb]<\/p>\n<p>&nbsp;<\/p>\n<p>&nbsp;<\/p>\n<p>&nbsp;<\/p>\n<p>&nbsp;<\/p>\n<p>&nbsp;<\/p>\n<p>&nbsp;<\/p>\n<p>&nbsp;<\/p>\n<p>[\/et_pb_slide][et_pb_slide _builder_version=\u00bb4.26.1&#8243; _module_preset=\u00bbdefault\u00bb background_enable_color=\u00bboff\u00bb background_image=\u00bbhttps:\/\/auribalance.org\/wp-content\/uploads\/2025\/10\/A1A4121-scaled.jpg\u00bb background_enable_image=\u00bbon\u00bb global_colors_info=\u00bb{}\u00bb sticky_transition=\u00bbon\u00bb]<\/p>\n<p>&nbsp;<\/p>\n<p>&nbsp;<\/p>\n<p>&nbsp;<\/p>\n<p>&nbsp;<\/p>\n<p>&nbsp;<\/p>\n<p>&nbsp;<\/p>\n<p>&nbsp;<\/p>\n<p>[\/et_pb_slide][et_pb_slide _builder_version=\u00bb4.26.1&#8243; _module_preset=\u00bbdefault\u00bb background_enable_color=\u00bboff\u00bb background_image=\u00bbhttps:\/\/auribalance.org\/wp-content\/uploads\/2025\/10\/A1A4025-scaled.jpg\u00bb background_enable_image=\u00bbon\u00bb global_colors_info=\u00bb{}\u00bb sticky_transition=\u00bbon\u00bb]<\/p>\n<p>&nbsp;<\/p>\n<p>&nbsp;<\/p>\n<p>&nbsp;<\/p>\n<p>&nbsp;<\/p>\n<p>&nbsp;<\/p>\n<p>&nbsp;<\/p>\n<p>&nbsp;<\/p>\n<p>[\/et_pb_slide][\/et_pb_slider][\/et_pb_column][et_pb_column type=\u00bb1_2&#8243; _builder_version=\u00bb4.26.1&#8243; _module_preset=\u00bbdefault\u00bb global_colors_info=\u00bb{}\u00bb][et_pb_text _builder_version=\u00bb4.26.1&#8243; _module_preset=\u00bbdefault\u00bb header_font=\u00bbSafira March||||||||\u00bb header_text_align=\u00bbcenter\u00bb header_text_color=\u00bb#bb8d87&#8243; header_font_size=\u00bb32px\u00bb module_alignment=\u00bbcenter\u00bb custom_margin=\u00bb0px||||false|false\u00bb custom_margin_tablet=\u00bb60px||||false|false\u00bb custom_margin_phone=\u00bb60px||||false|false\u00bb custom_margin_last_edited=\u00bbon|phone\u00bb animation_style=\u00bbbounce\u00bb animation_direction=\u00bbtop\u00bb header_font_size_tablet=\u00bb26px\u00bb header_font_size_phone=\u00bb15px\u00bb header_font_size_last_edited=\u00bbon|phone\u00bb header_line_height_tablet=\u00bb1em\u00bb header_line_height_phone=\u00bb1em\u00bb header_line_height_last_edited=\u00bbon|desktop\u00bb global_colors_info=\u00bb{}\u00bb]<\/p>\n<h1>Bienvenido a<\/h1>\n<p>[\/et_pb_text][et_pb_image src=\u00bbhttps:\/\/auribalance.org\/wp-content\/uploads\/2024\/07\/auriBalance-logo-2.png\u00bb title_text=\u00bbauriBalance-logo-2&#8243; align=\u00bbcenter\u00bb _builder_version=\u00bb4.26.1&#8243; _module_preset=\u00bbdefault\u00bb width=\u00bb50%\u00bb width_tablet=\u00bb50%\u00bb width_phone=\u00bb50%\u00bb width_last_edited=\u00bbon|phone\u00bb max_width=\u00bb50%\u00bb min_height_tablet=\u00bb\u00bb min_height_phone=\u00bb\u00bb min_height_last_edited=\u00bbon|desktop\u00bb custom_margin=\u00bb-10px||||false|false\u00bb custom_margin_tablet=\u00bb-10px||||false|false\u00bb custom_margin_phone=\u00bb-10px||||false|false\u00bb custom_margin_last_edited=\u00bbon|phone\u00bb custom_padding=\u00bb||||false|false\u00bb animation_style=\u00bbbounce\u00bb global_colors_info=\u00bb{}\u00bb][\/et_pb_image][et_pb_text _builder_version=\u00bb4.26.1&#8243; _module_preset=\u00bbdefault\u00bb text_font=\u00bbAlmarai||||||||\u00bb text_font_size=\u00bb17px\u00bb text_orientation=\u00bbjustified\u00bb width=\u00bb80%\u00bb width_tablet=\u00bb80%\u00bb width_phone=\u00bb80%\u00bb width_last_edited=\u00bbon|desktop\u00bb max_width=\u00bb80%\u00bb module_alignment=\u00bbcenter\u00bb custom_margin=\u00bb20px||||false|false\u00bb custom_margin_tablet=\u00bb30px||||false|false\u00bb custom_margin_phone=\u00bb30px||||false|false\u00bb custom_margin_last_edited=\u00bbon|phone\u00bb animation_style=\u00bbbounce\u00bb global_colors_info=\u00bb{}\u00bb]<\/p>\n<p>En auriBalance, nos dedicamos a evaluar, diagnosticar y rehabilitar problemas auditivos y vestibulares en ni\u00f1os y adultos mayores. Nuestro compromiso es proporcionar servicios de alta calidad con un enfoque centrado en el paciente, mejorando as\u00ed la calidad de vida de nuestras comunidades. Utilizamos tecnolog\u00edas avanzadas y nos mantenemos actualizados con educaci\u00f3n continua sobre la salud auditiva para asegurar resultados efectivos y personalizados.<\/p>\n<p>[\/et_pb_text][\/et_pb_column][\/et_pb_row][\/et_pb_section][et_pb_section fb_built=\u00bb1&#8243; _builder_version=\u00bb4.26.1&#8243; _module_preset=\u00bbdefault\u00bb top_divider_color=\u00bbrgba(0,0,0,0.13)\u00bb top_divider_height=\u00bb30px\u00bb global_colors_info=\u00bb{}\u00bb][et_pb_row column_structure=\u00bb1_3,1_3,1_3&#8243; custom_padding_last_edited=\u00bboff|desktop\u00bb _builder_version=\u00bb4.26.1&#8243; _module_preset=\u00bbdefault\u00bb width=\u00bb7%\u00bb width_tablet=\u00bb5%\u00bb width_phone=\u00bb5%\u00bb width_last_edited=\u00bbon|desktop\u00bb custom_margin=\u00bb100px||||false|false\u00bb custom_margin_tablet=\u00bb500px||||false|false\u00bb custom_margin_phone=\u00bb600px||||false|false\u00bb custom_margin_last_edited=\u00bbon|phone\u00bb custom_padding=\u00bb||||false|false\u00bb custom_padding_tablet=\u00bb||||false|false\u00bb global_colors_info=\u00bb{}\u00bb][et_pb_column type=\u00bb1_3&#8243; _builder_version=\u00bb4.26.1&#8243; _module_preset=\u00bbdefault\u00bb global_colors_info=\u00bb{}\u00bb][et_pb_text _builder_version=\u00bb4.26.1&#8243; _module_preset=\u00bbdefault\u00bb animation_style=\u00bbbounce\u00bb animation_direction=\u00bbleft\u00bb hover_enabled=\u00bb0&#8243; global_colors_info=\u00bb{}\u00bb filter_opacity__hover_enabled=\u00bbon|hover\u00bb filter_opacity__hover=\u00bb30%\u00bb sticky_enabled=\u00bb0&#8243;]<a href=\"https:\/\/wa.me\/50684617935\" target=\"_blank\" rel=\"noopener\" title=\"https:\/\/wa.me\/50672752251\"><img loading=\"lazy\" decoding=\"async\" src=\"https:\/\/auribalance.org\/wp-content\/uploads\/2024\/08\/WhatsApp_Logo-300x300.png\" width=\"29\" height=\"29\" alt=\"\" class=\"wp-image-166 alignnone size-medium\" style=\"display: block; margin-left: auto; margin-right: auto;\" \/><\/a>[\/et_pb_text][\/et_pb_column][et_pb_column type=\u00bb1_3&#8243; _builder_version=\u00bb4.26.1&#8243; _module_preset=\u00bbdefault\u00bb global_colors_info=\u00bb{}\u00bb][et_pb_text _builder_version=\u00bb4.26.1&#8243; _module_preset=\u00bbdefault\u00bb animation_style=\u00bbbounce\u00bb animation_direction=\u00bbbottom\u00bb global_colors_info=\u00bb{}\u00bb filter_opacity__hover_enabled=\u00bbon|hover\u00bb filter_opacity__hover=\u00bb30%\u00bb]<\/p>\n<p><a href=\"https:\/\/www.instagram.com\/audiologa_karol_acosta?igsh=MWlxMjk2dG15Mjdq&amp;utm_source=qr\" target=\"_blank\" rel=\"noopener\"><img loading=\"lazy\" decoding=\"async\" src=\"https:\/\/auribalance.org\/wp-content\/uploads\/2024\/08\/Instagram_Logo.png\" width=\"29\" height=\"29\" alt=\"\" class=\"wp-image-166 alignnone size-medium\" style=\"display: block; margin-left: auto; margin-right: auto;\" \/><\/a><\/p>\n<p>[\/et_pb_text][\/et_pb_column][et_pb_column type=\u00bb1_3&#8243; _builder_version=\u00bb4.26.1&#8243; _module_preset=\u00bbdefault\u00bb global_colors_info=\u00bb{}\u00bb][et_pb_text _builder_version=\u00bb4.26.1&#8243; _module_preset=\u00bbdefault\u00bb animation_style=\u00bbbounce\u00bb animation_direction=\u00bbright\u00bb global_colors_info=\u00bb{}\u00bb filter_opacity__hover_enabled=\u00bbon|hover\u00bb filter_opacity__hover=\u00bb30%\u00bb]<\/p>\n<p><a href=\"https:\/\/www.facebook.com\/share\/1DSZMgL8VB\/?mibextid=wwXIfr\" target=\"_blank\" rel=\"noopener\"><img loading=\"lazy\" decoding=\"async\" src=\"https:\/\/auribalance.org\/wp-content\/uploads\/2024\/08\/Facebook_Logo_2019.png\" width=\"29\" height=\"29\" alt=\"\" class=\"wp-image-166 alignnone size-medium\" style=\"display: block; margin-left: auto; margin-right: auto;\" \/><\/a><\/p>\n<p>[\/et_pb_text][\/et_pb_column][\/et_pb_row][\/et_pb_section]<\/p>\n","protected":false},"excerpt":{"rendered":"<p>&nbsp; &nbsp; &nbsp; &nbsp; &nbsp; &nbsp; &nbsp;&nbsp; &nbsp; &nbsp; &nbsp; &nbsp; &nbsp; &nbsp;&nbsp; &nbsp; &nbsp; &nbsp; &nbsp; &nbsp; &nbsp;&nbsp; &nbsp; &nbsp; &nbsp; &nbsp; &nbsp; &nbsp;&nbsp; &nbsp; &nbsp; &nbsp; &nbsp; &nbsp; &nbsp;&nbsp; &nbsp; &nbsp; &nbsp; &nbsp; &nbsp; &nbsp;Bienvenido aEn auriBalance, nos dedicamos a evaluar, diagnosticar y rehabilitar problemas auditivos y vestibulares en ni\u00f1os y adultos mayores. [&hellip;]<\/p>\n","protected":false},"author":2,"featured_media":0,"parent":0,"menu_order":0,"comment_status":"closed","ping_status":"closed","template":"","meta":{"_et_pb_use_builder":"on","_et_pb_old_content":"","_et_gb_content_width":"","footnotes":""},"class_list":["post-31","page","type-page","status-publish","hentry"],"yoast_head":"<!-- This site is optimized with the Yoast SEO plugin v24.1 - https:\/\/yoast.com\/wordpress\/plugins\/seo\/ -->\n<title>Inicio - auriBalance<\/title>\n<meta name=\"robots\" content=\"index, follow, max-snippet:-1, max-image-preview:large, max-video-preview:-1\" \/>\n<link rel=\"canonical\" href=\"https:\/\/auribalance.org\/\" \/>\n<meta property=\"og:locale\" content=\"es_ES\" \/>\n<meta property=\"og:type\" content=\"article\" \/>\n<meta property=\"og:title\" content=\"Bienvenido a auriBalance\" \/>\n<meta property=\"og:description\" content=\"En auriBalance, nos dedicamos a evaluar, diagnosticar y rehabilitar problemas auditivos y vestibulares en ni\u00f1os y adultos mayores. Nuestro compromiso es proporcionar servicios de alta calidad con un enfoque centrado en el paciente, mejorando as\u00ed la calidad de vida de nuestras comunidades. Utilizamos tecnolog\u00edas avanzadas y nos mantenemos actualizados con educaci\u00f3n continua sobre la salud auditiva para asegurar resultados efectivos y personalizados.\" \/>\n<meta property=\"og:url\" content=\"https:\/\/auribalance.org\/\" \/>\n<meta property=\"og:site_name\" content=\"auriBalance\" \/>\n<meta property=\"article:modified_time\" content=\"2025-10-14T03:18:17+00:00\" \/>\n<meta property=\"og:image\" content=\"https:\/\/auribalance.org\/wp-content\/uploads\/2024\/08\/auriBalance-logo-favicon.png\" \/>\n\t<meta property=\"og:image:width\" content=\"1200\" \/>\n\t<meta property=\"og:image:height\" content=\"1200\" \/>\n\t<meta property=\"og:image:type\" content=\"image\/png\" \/>\n<meta name=\"twitter:card\" content=\"summary_large_image\" \/>\n<meta name=\"twitter:label1\" content=\"Tiempo de lectura\" \/>\n\t<meta name=\"twitter:data1\" content=\"2 minutos\" \/>\n<script type=\"application\/ld+json\" class=\"yoast-schema-graph\">{\"@context\":\"https:\/\/schema.org\",\"@graph\":[{\"@type\":\"WebPage\",\"@id\":\"https:\/\/auribalance.org\/\",\"url\":\"https:\/\/auribalance.org\/\",\"name\":\"Inicio - auriBalance\",\"isPartOf\":{\"@id\":\"https:\/\/auribalance.org\/#website\"},\"primaryImageOfPage\":{\"@id\":\"https:\/\/auribalance.org\/#primaryimage\"},\"image\":{\"@id\":\"https:\/\/auribalance.org\/#primaryimage\"},\"thumbnailUrl\":\"https:\/\/auribalance.org\/wp-content\/uploads\/2024\/08\/WhatsApp_Logo-300x300.png\",\"datePublished\":\"2024-07-31T19:26:35+00:00\",\"dateModified\":\"2025-10-14T03:18:17+00:00\",\"breadcrumb\":{\"@id\":\"https:\/\/auribalance.org\/#breadcrumb\"},\"inLanguage\":\"es\",\"potentialAction\":[{\"@type\":\"ReadAction\",\"target\":[\"https:\/\/auribalance.org\/\"]}]},{\"@type\":\"ImageObject\",\"inLanguage\":\"es\",\"@id\":\"https:\/\/auribalance.org\/#primaryimage\",\"url\":\"https:\/\/auribalance.org\/wp-content\/uploads\/2024\/08\/WhatsApp_Logo.png\",\"contentUrl\":\"https:\/\/auribalance.org\/wp-content\/uploads\/2024\/08\/WhatsApp_Logo.png\",\"width\":800,\"height\":800},{\"@type\":\"BreadcrumbList\",\"@id\":\"https:\/\/auribalance.org\/#breadcrumb\",\"itemListElement\":[{\"@type\":\"ListItem\",\"position\":1,\"name\":\"Portada\",\"item\":\"https:\/\/auribalance.org\/\"},{\"@type\":\"ListItem\",\"position\":2,\"name\":\"Inicio\"}]},{\"@type\":\"WebSite\",\"@id\":\"https:\/\/auribalance.org\/#website\",\"url\":\"https:\/\/auribalance.org\/\",\"name\":\"auriBalance\",\"description\":\"Cl\u00ednica Integral de Audiolog\u00eda y Otoneurolog\u00eda\",\"potentialAction\":[{\"@type\":\"SearchAction\",\"target\":{\"@type\":\"EntryPoint\",\"urlTemplate\":\"https:\/\/auribalance.org\/?s={search_term_string}\"},\"query-input\":{\"@type\":\"PropertyValueSpecification\",\"valueRequired\":true,\"valueName\":\"search_term_string\"}}],\"inLanguage\":\"es\"}]}<\/script>\n<!-- \/ Yoast SEO plugin. -->","yoast_head_json":{"title":"Inicio - auriBalance","robots":{"index":"index","follow":"follow","max-snippet":"max-snippet:-1","max-image-preview":"max-image-preview:large","max-video-preview":"max-video-preview:-1"},"canonical":"https:\/\/auribalance.org\/","og_locale":"es_ES","og_type":"article","og_title":"Bienvenido a auriBalance","og_description":"En auriBalance, nos dedicamos a evaluar, diagnosticar y rehabilitar problemas auditivos y vestibulares en ni\u00f1os y adultos mayores. Nuestro compromiso es proporcionar servicios de alta calidad con un enfoque centrado en el paciente, mejorando as\u00ed la calidad de vida de nuestras comunidades. Utilizamos tecnolog\u00edas avanzadas y nos mantenemos actualizados con educaci\u00f3n continua sobre la salud auditiva para asegurar resultados efectivos y personalizados.","og_url":"https:\/\/auribalance.org\/","og_site_name":"auriBalance","article_modified_time":"2025-10-14T03:18:17+00:00","og_image":[{"width":1200,"height":1200,"url":"https:\/\/auribalance.org\/wp-content\/uploads\/2024\/08\/auriBalance-logo-favicon.png","type":"image\/png"}],"twitter_card":"summary_large_image","twitter_misc":{"Tiempo de lectura":"2 minutos"},"schema":{"@context":"https:\/\/schema.org","@graph":[{"@type":"WebPage","@id":"https:\/\/auribalance.org\/","url":"https:\/\/auribalance.org\/","name":"Inicio - auriBalance","isPartOf":{"@id":"https:\/\/auribalance.org\/#website"},"primaryImageOfPage":{"@id":"https:\/\/auribalance.org\/#primaryimage"},"image":{"@id":"https:\/\/auribalance.org\/#primaryimage"},"thumbnailUrl":"https:\/\/auribalance.org\/wp-content\/uploads\/2024\/08\/WhatsApp_Logo-300x300.png","datePublished":"2024-07-31T19:26:35+00:00","dateModified":"2025-10-14T03:18:17+00:00","breadcrumb":{"@id":"https:\/\/auribalance.org\/#breadcrumb"},"inLanguage":"es","potentialAction":[{"@type":"ReadAction","target":["https:\/\/auribalance.org\/"]}]},{"@type":"ImageObject","inLanguage":"es","@id":"https:\/\/auribalance.org\/#primaryimage","url":"https:\/\/auribalance.org\/wp-content\/uploads\/2024\/08\/WhatsApp_Logo.png","contentUrl":"https:\/\/auribalance.org\/wp-content\/uploads\/2024\/08\/WhatsApp_Logo.png","width":800,"height":800},{"@type":"BreadcrumbList","@id":"https:\/\/auribalance.org\/#breadcrumb","itemListElement":[{"@type":"ListItem","position":1,"name":"Portada","item":"https:\/\/auribalance.org\/"},{"@type":"ListItem","position":2,"name":"Inicio"}]},{"@type":"WebSite","@id":"https:\/\/auribalance.org\/#website","url":"https:\/\/auribalance.org\/","name":"auriBalance","description":"Cl\u00ednica Integral de Audiolog\u00eda y Otoneurolog\u00eda","potentialAction":[{"@type":"SearchAction","target":{"@type":"EntryPoint","urlTemplate":"https:\/\/auribalance.org\/?s={search_term_string}"},"query-input":{"@type":"PropertyValueSpecification","valueRequired":true,"valueName":"search_term_string"}}],"inLanguage":"es"}]}},"_links":{"self":[{"href":"https:\/\/auribalance.org\/index.php\/wp-json\/wp\/v2\/pages\/31","targetHints":{"allow":["GET"]}}],"collection":[{"href":"https:\/\/auribalance.org\/index.php\/wp-json\/wp\/v2\/pages"}],"about":[{"href":"https:\/\/auribalance.org\/index.php\/wp-json\/wp\/v2\/types\/page"}],"author":[{"embeddable":true,"href":"https:\/\/auribalance.org\/index.php\/wp-json\/wp\/v2\/users\/2"}],"replies":[{"embeddable":true,"href":"https:\/\/auribalance.org\/index.php\/wp-json\/wp\/v2\/comments?post=31"}],"version-history":[{"count":76,"href":"https:\/\/auribalance.org\/index.php\/wp-json\/wp\/v2\/pages\/31\/revisions"}],"predecessor-version":[{"id":551,"href":"https:\/\/auribalance.org\/index.php\/wp-json\/wp\/v2\/pages\/31\/revisions\/551"}],"wp:attachment":[{"href":"https:\/\/auribalance.org\/index.php\/wp-json\/wp\/v2\/media?parent=31"}],"curies":[{"name":"wp","href":"https:\/\/api.w.org\/{rel}","templated":true}]}}