{"id":327,"date":"2024-08-02T04:47:17","date_gmt":"2024-08-02T04:47:17","guid":{"rendered":"https:\/\/auribalance.org\/?page_id=327"},"modified":"2025-10-14T02:59:35","modified_gmt":"2025-10-14T02:59:35","slug":"servicios","status":"publish","type":"page","link":"https:\/\/auribalance.org\/index.php\/servicios\/","title":{"rendered":"Servicios"},"content":{"rendered":"<p>[et_pb_section fb_built=\u00bb1&#8243; _builder_version=\u00bb4.26.1&#8243; _module_preset=\u00bbdefault\u00bb background_image=\u00bbhttps:\/\/auribalance.org\/wp-content\/uploads\/2024\/08\/Background-barra-equipodetrabajo-3-min.png\u00bb custom_margin=\u00bb100px||||false|false\u00bb custom_margin_tablet=\u00bb65px||||false|false\u00bb custom_margin_phone=\u00bb65px||||false|false\u00bb custom_margin_last_edited=\u00bbon|phone\u00bb global_colors_info=\u00bb{}\u00bb][et_pb_row _builder_version=\u00bb4.26.1&#8243; _module_preset=\u00bbdefault\u00bb global_colors_info=\u00bb{}\u00bb][et_pb_column type=\u00bb4_4&#8243; _builder_version=\u00bb4.26.1&#8243; _module_preset=\u00bbdefault\u00bb global_colors_info=\u00bb{}\u00bb][et_pb_text _builder_version=\u00bb4.26.1&#8243; _module_preset=\u00bbdefault\u00bb header_font=\u00bbADega Serif||||||||\u00bb header_text_align=\u00bbcenter\u00bb header_font_size=\u00bb100px\u00bb header_letter_spacing=\u00bb-5px\u00bb custom_padding=\u00bb45px||46px|||\u00bb header_font_size_tablet=\u00bb\u00bb header_font_size_phone=\u00bb85px\u00bb header_font_size_last_edited=\u00bbon|phone\u00bb global_colors_info=\u00bb{}\u00bb]<\/p>\n<h1 style=\"background: -webkit-linear-gradient(-90deg, #9a6623 0%, #cab56d 35%, #56370f 100%) text; -webkit-text-fill-color: transparent;\">Servicios<\/h1>\n<p>[\/et_pb_text][\/et_pb_column][\/et_pb_row][\/et_pb_section][et_pb_section fb_built=\u00bb1&#8243; _builder_version=\u00bb4.26.1&#8243; _module_preset=\u00bbdefault\u00bb top_divider_style=\u00bbarrow3&#8243; top_divider_color=\u00bbrgba(224,208,206,0.73)\u00bb top_divider_height=\u00bb24px\u00bb global_colors_info=\u00bb{}\u00bb][et_pb_row _builder_version=\u00bb4.26.1&#8243; _module_preset=\u00bbdefault\u00bb global_colors_info=\u00bb{}\u00bb column_structure=\u00bb1_2,1_2&#8243;][et_pb_column type=\u00bb1_2&#8243; _builder_version=\u00bb4.26.1&#8243; _module_preset=\u00bbdefault\u00bb global_colors_info=\u00bb{}\u00bb][et_pb_text _builder_version=\u00bb4.26.1&#8243; _module_preset=\u00bbdefault\u00bb header_font=\u00bbAlmarai||||||||\u00bb header_text_align=\u00bbleft\u00bb animation_style=\u00bbbounce\u00bb animation_direction=\u00bbleft\u00bb header_font_size_tablet=\u00bb\u00bb header_font_size_phone=\u00bb\u00bb header_font_size_last_edited=\u00bbon|phone\u00bb global_colors_info=\u00bb{}\u00bb]<\/p>\n<h1><strong>Evaluaci\u00f3n Auditiva <\/strong><\/h1>\n<p>[\/et_pb_text][et_pb_text _builder_version=\u00bb4.26.1&#8243; _module_preset=\u00bbdefault\u00bb animation_style=\u00bbbounce\u00bb animation_direction=\u00bbtop\u00bb global_colors_info=\u00bb{}\u00bb]<\/p>\n<ul>\n<li><strong><span>Audiometr\u00eda:<\/span><\/strong><span> La audiometr\u00eda es una prueba fundamental en la evaluaci\u00f3n audiol\u00f3gica que se utiliza para medir la capacidad auditiva de una persona. Esta prueba ayuda a determinar la cantidad de p\u00e9rdida auditiva y el tipo de p\u00e9rdida (conductiva, neurosensorial o mixta) que puede tener un individuo.<\/span><\/li>\n<li><strong><span>Audiometr\u00eda de Alta Frecuencia: <\/span><\/strong><span>La audiometr\u00eda de alta frecuencia se realiza utilizando tonos puros a frecuencias m\u00e1s altas que las evaluadas en la audiometr\u00eda convencional, generalmente en el rango de 8000 Hz a 20000 Hz o incluso hasta 25000 Hz en algunos equipos especializados. <\/span><\/li>\n<li><strong><span>Impedanciometr\u00eda: <\/span><\/strong><span>La impedanciometr\u00eda eval\u00faa la impedancia ac\u00fastica del sistema auditivo, es decir, la resistencia que presenta el o\u00eddo medio al paso del sonido. <\/span><\/li>\n<li><strong><span>Impedanciometr\u00eda con Funci\u00f3n de Trompa de Eustaquio:<\/span><\/strong><span> La impedanciometr\u00eda con funci\u00f3n de trompa de Eustaquio eval\u00faa c\u00f3mo esta estructura responde a los cambios de presi\u00f3n y la capacidad de abrirse y cerrarse correctamente.<\/span><\/li>\n<li><strong><span>Las Emisiones Otoac\u00fasticas (EOA) <\/span><\/strong><span>son pruebas audiol\u00f3gicas utilizadas para evaluar la funci\u00f3n de la c\u00f3clea, la parte del o\u00eddo interno que detecta el sonido. <\/span><\/li>\n<li><strong><span>Los Potenciales Evocados de Tallo Cerebral (PEATC) <\/span><\/strong><span>son pruebas neurofisiol\u00f3gicas utilizadas para evaluar la integridad de las v\u00edas auditivas desde el o\u00eddo interno hasta el tronco cerebral, proporcionando informaci\u00f3n valiosa para el diagn\u00f3stico y tratamiento de trastornos auditivos en pacientes de todas las edades.<\/span><\/li>\n<li><strong>Importancia Cl\u00ednica: <\/strong><span>los PEALM y los PEALL son t\u00e9cnicas neurofisiol\u00f3gicas avanzadas que permiten evaluar diferentes aspectos del sistema auditivo, desde la funci\u00f3n b\u00e1sica hasta el procesamiento m\u00e1s complejo de est\u00edmulos auditivos en el cerebro. <\/span><\/li>\n<li><strong><span>Potenciales Evocados Auditivos de Estado Estable (PEA<\/span>EE):<\/strong> Los PEAEE son una herramienta crucial en la evaluaci\u00f3n audiol\u00f3gica, especialmente en beb\u00e9s y pacientes con dificultades para realizar pruebas auditivas est\u00e1ndar, permitiendo una detecci\u00f3n temprana y precisa de p\u00e9rdidas auditivas.<\/li>\n<\/ul>\n<p>[\/et_pb_text][\/et_pb_column][et_pb_column type=\u00bb1_2&#8243; _builder_version=\u00bb4.26.1&#8243; _module_preset=\u00bbdefault\u00bb global_colors_info=\u00bb{}\u00bb][et_pb_image src=\u00bbhttps:\/\/auribalance.org\/wp-content\/uploads\/2025\/10\/Karol-005.jpg\u00bb _builder_version=\u00bb4.26.1&#8243; _module_preset=\u00bbdefault\u00bb hover_enabled=\u00bb0&#8243; sticky_enabled=\u00bb0&#8243; title_text=\u00bbKarol-005&#8243; align=\u00bbcenter\u00bb animation_style=\u00bbbounce\u00bb animation_direction=\u00bbright\u00bb][\/et_pb_image][\/et_pb_column][\/et_pb_row][et_pb_row _builder_version=\u00bb4.26.1&#8243; _module_preset=\u00bbdefault\u00bb global_colors_info=\u00bb{}\u00bb column_structure=\u00bb1_2,1_2&#8243;][et_pb_column type=\u00bb1_2&#8243; _builder_version=\u00bb4.26.1&#8243; _module_preset=\u00bbdefault\u00bb global_colors_info=\u00bb{}\u00bb][et_pb_text _builder_version=\u00bb4.26.1&#8243; _module_preset=\u00bbdefault\u00bb header_font=\u00bbAlmarai||||||||\u00bb header_text_align=\u00bbleft\u00bb animation_style=\u00bbbounce\u00bb animation_direction=\u00bbleft\u00bb header_font_size_tablet=\u00bb\u00bb header_font_size_phone=\u00bb\u00bb header_font_size_last_edited=\u00bbon|phone\u00bb global_colors_info=\u00bb{}\u00bb]<\/p>\n<h1><strong>Evaluaci\u00f3n Vestibular<\/strong><\/h1>\n<p>[\/et_pb_text][et_pb_text _builder_version=\u00bb4.26.1&#8243; _module_preset=\u00bbdefault\u00bb animation_style=\u00bbbounce\u00bb animation_direction=\u00bbtop\u00bb global_colors_info=\u00bb{}\u00bb]<\/p>\n<ul>\n<li><strong><span>El V-HIT (Vestibular Head Impulse Test) <\/span><\/strong><span>es una prueba cl\u00ednica utilizada para evaluar la funci\u00f3n del sistema vestibular, espec\u00edficamente los canales semicirculares, que son parte del equilibrio y la orientaci\u00f3n espacial del cuerpo. <\/span><\/li>\n<li><strong><span>Las pruebas oculomotoras<\/span><\/strong><span> son m\u00e9todos utilizados para evaluar la funci\u00f3n y el control de los movimientos oculares, que son fundamentales para la visi\u00f3n.<\/span><\/li>\n<li><strong><span>La electrococleograf\u00eda (ECochG)<\/span><\/strong><span> es una prueba diagn\u00f3stica utilizada para evaluar la funci\u00f3n de la c\u00f3clea, la parte del o\u00eddo interno responsable de la audici\u00f3n.<\/span><\/li>\n<li><strong><span>CVEMP (Potenciales Evocados Miog\u00e9nicos Cervicales)<\/span><\/strong>\n<p><strong><span>OVEMP (Potenciales Evocados Miog\u00e9nicos Oculares)<\/span><\/strong><\/p>\n<p><span>CVEMP y los OVEMP son pruebas especializadas que eval\u00faan la funci\u00f3n del sistema vestibular a trav\u00e9s de respuestas musculares espec\u00edficas en el cuello y los ojos, respectivamente. Estas pruebas son \u00fatiles en la evaluaci\u00f3n y diagn\u00f3stico de trastornos vestibulares que afectan el equilibrio y la estabilizaci\u00f3n visual del paciente.<\/span><\/p>\n<\/li>\n<\/ul>\n<p>[\/et_pb_text][\/et_pb_column][et_pb_column type=\u00bb1_2&#8243; _builder_version=\u00bb4.26.1&#8243; _module_preset=\u00bbdefault\u00bb global_colors_info=\u00bb{}\u00bb][et_pb_image src=\u00bbhttps:\/\/auribalance.org\/wp-content\/uploads\/2025\/10\/A1A3825-scaled.jpg\u00bb _builder_version=\u00bb4.26.1&#8243; _module_preset=\u00bbdefault\u00bb hover_enabled=\u00bb0&#8243; sticky_enabled=\u00bb0&#8243; title_text=\u00bb_A1A3825&#8243; align=\u00bbcenter\u00bb animation_style=\u00bbbounce\u00bb animation_direction=\u00bbright\u00bb][\/et_pb_image][\/et_pb_column][\/et_pb_row][et_pb_row _builder_version=\u00bb4.26.1&#8243; _module_preset=\u00bbdefault\u00bb global_colors_info=\u00bb{}\u00bb column_structure=\u00bb1_2,1_2&#8243;][et_pb_column type=\u00bb1_2&#8243; _builder_version=\u00bb4.26.1&#8243; _module_preset=\u00bbdefault\u00bb global_colors_info=\u00bb{}\u00bb][et_pb_text _builder_version=\u00bb4.26.1&#8243; _module_preset=\u00bbdefault\u00bb header_font=\u00bbAlmarai||||||||\u00bb header_text_align=\u00bbleft\u00bb animation_style=\u00bbbounce\u00bb animation_direction=\u00bbleft\u00bb header_font_size_tablet=\u00bb\u00bb header_font_size_phone=\u00bb\u00bb header_font_size_last_edited=\u00bbon|phone\u00bb global_colors_info=\u00bb{}\u00bb]<\/p>\n<h1><strong>Terapia de Rehabilitaci\u00f3n Vestibular<\/strong><\/h1>\n<p>[\/et_pb_text][et_pb_text _builder_version=\u00bb4.26.1&#8243; _module_preset=\u00bbdefault\u00bb animation_style=\u00bbbounce\u00bb animation_direction=\u00bbtop\u00bb global_colors_info=\u00bb{}\u00bb]<\/p>\n<ul>\n<li><strong><span>La Rehabilitaci\u00f3n Vestibular<\/span><\/strong><span> es un conjunto de t\u00e9cnicas y ejercicios dise\u00f1ados para mejorar la funci\u00f3n del sistema vestibular, que incluye el equilibrio y la estabilidad postural. <\/span><span>La rehabilitaci\u00f3n vestibular es un componente crucial en el manejo de trastornos del equilibrio, utilizando t\u00e9cnicas especializadas para mejorar la funci\u00f3n del sistema vestibular y promover la estabilidad y el bienestar del paciente.<\/span><\/li>\n<li><strong><span>La rehabilitaci\u00f3n vestibular utilizando realidad virtual (RV) <\/span><\/strong><span>en pacientes con v\u00e9rtigo es una innovadora modalidad de tratamiento dise\u00f1ada para mejorar los s\u00edntomas y la funci\u00f3n vestibular. <\/span><\/li>\n<li><strong><span>Objetivo:<\/span><\/strong><span> Utilizar entornos virtuales controlados para estimular y reentrenar las v\u00edas vestibulares y visuales, promoviendo la adaptaci\u00f3n y la compensaci\u00f3n neurol\u00f3gica.<\/span><span><\/span><\/li>\n<\/ul>\n<p>[\/et_pb_text][\/et_pb_column][et_pb_column type=\u00bb1_2&#8243; _builder_version=\u00bb4.26.1&#8243; _module_preset=\u00bbdefault\u00bb global_colors_info=\u00bb{}\u00bb][et_pb_image src=\u00bbhttps:\/\/auribalance.org\/wp-content\/uploads\/2025\/10\/Karol-frank.jpg\u00bb _builder_version=\u00bb4.26.1&#8243; _module_preset=\u00bbdefault\u00bb hover_enabled=\u00bb0&#8243; sticky_enabled=\u00bb0&#8243; title_text=\u00bbKarol-frank\u00bb align=\u00bbcenter\u00bb animation_style=\u00bbbounce\u00bb animation_direction=\u00bbright\u00bb][\/et_pb_image][\/et_pb_column][\/et_pb_row][et_pb_row _builder_version=\u00bb4.26.1&#8243; _module_preset=\u00bbdefault\u00bb global_colors_info=\u00bb{}\u00bb column_structure=\u00bb1_2,1_2&#8243;][et_pb_column type=\u00bb1_2&#8243; _builder_version=\u00bb4.26.1&#8243; _module_preset=\u00bbdefault\u00bb global_colors_info=\u00bb{}\u00bb][et_pb_text _builder_version=\u00bb4.26.1&#8243; _module_preset=\u00bbdefault\u00bb header_font=\u00bbAlmarai||||||||\u00bb header_text_align=\u00bbleft\u00bb animation_style=\u00bbbounce\u00bb animation_direction=\u00bbleft\u00bb header_font_size_tablet=\u00bb\u00bb header_font_size_phone=\u00bb\u00bb header_font_size_last_edited=\u00bbon|phone\u00bb global_colors_info=\u00bb{}\u00bb]<\/p>\n<h1><strong>Rehabilitaci\u00f3n auditiva con dispositivos auditivos <\/strong><\/h1>\n<p>[\/et_pb_text][et_pb_text _builder_version=\u00bb4.26.1&#8243; _module_preset=\u00bbdefault\u00bb animation_style=\u00bbbounce\u00bb animation_direction=\u00bbtop\u00bb global_colors_info=\u00bb{}\u00bb]<\/p>\n<p><span>En auriBalance, los aud\u00edfonos que ofrecen son de alta calidad y est\u00e1n equipados con caracter\u00edsticas avanzadas que mejoran significativamente la experiencia auditiva de los usuarios. <\/span><\/p>\n<p><span>Los aud\u00edfonos disponibles en auriBalance no solo ofrecen una excelente calidad de sonido y conectividad Bluetooth, sino que tambi\u00e9n son recargables y permiten un control conveniente a trav\u00e9s de aplicaciones m\u00f3viles. Estas caracter\u00edsticas avanzadas aseguran que los usuarios puedan disfrutar de una experiencia auditiva mejorada y adaptada a sus necesidades individuales en diferentes situaciones y entornos.<\/span><\/p>\n<p><span>Ofrecer una variedad de marcas reconocidas mundialmente como Signia, Bernafon, Phonak, Resound y Oticon en auriBalance es una excelente estrategia para satisfacer las diversas necesidades auditivas de los usuarios.<\/span><\/p>\n<p><span><\/span><\/p>\n<ul>\n<li><strong><span>Los protectores auditivos para nataci\u00f3n<\/span><\/strong>\u00a0son accesorios esenciales para proteger los o\u00eddos durante la pr\u00e1ctica de la nataci\u00f3n, ayudando a prevenir problemas de salud auditiva relacionados con la exposici\u00f3n al agua y garantizando una experiencia m\u00e1s c\u00f3moda y segura en el agua.<\/li>\n<\/ul>\n<p>[\/et_pb_text][\/et_pb_column][et_pb_column type=\u00bb1_2&#8243; _builder_version=\u00bb4.26.1&#8243; _module_preset=\u00bbdefault\u00bb global_colors_info=\u00bb{}\u00bb][et_pb_image src=\u00bbhttps:\/\/auribalance.org\/wp-content\/uploads\/2025\/10\/Karol-006.jpg\u00bb _builder_version=\u00bb4.26.1&#8243; _module_preset=\u00bbdefault\u00bb hover_enabled=\u00bb0&#8243; sticky_enabled=\u00bb0&#8243; title_text=\u00bbKarol-006&#8243; align=\u00bbcenter\u00bb animation_style=\u00bbbounce\u00bb animation_direction=\u00bbright\u00bb][\/et_pb_image][\/et_pb_column][\/et_pb_row][\/et_pb_section]<\/p>\n","protected":false},"excerpt":{"rendered":"<p>ServiciosEvaluaci\u00f3n Auditiva Audiometr\u00eda: La audiometr\u00eda es una prueba fundamental en la evaluaci\u00f3n audiol\u00f3gica que se utiliza para medir la capacidad auditiva de una persona. Esta prueba ayuda a determinar la cantidad de p\u00e9rdida auditiva y el tipo de p\u00e9rdida (conductiva, neurosensorial o mixta) que puede tener un individuo. Audiometr\u00eda de Alta Frecuencia: La audiometr\u00eda de [&hellip;]<\/p>\n","protected":false},"author":2,"featured_media":0,"parent":0,"menu_order":0,"comment_status":"closed","ping_status":"closed","template":"","meta":{"_et_pb_use_builder":"on","_et_pb_old_content":"","_et_gb_content_width":"","footnotes":""},"class_list":["post-327","page","type-page","status-publish","hentry"],"yoast_head":"<!-- This site is optimized with the Yoast SEO plugin v24.1 - https:\/\/yoast.com\/wordpress\/plugins\/seo\/ -->\n<title>Servicios - auriBalance<\/title>\n<meta name=\"robots\" content=\"index, follow, max-snippet:-1, max-image-preview:large, max-video-preview:-1\" \/>\n<link rel=\"canonical\" href=\"https:\/\/auribalance.org\/index.php\/servicios\/\" \/>\n<meta property=\"og:locale\" content=\"es_ES\" \/>\n<meta property=\"og:type\" content=\"article\" \/>\n<meta property=\"og:title\" content=\"Servicios\" \/>\n<meta property=\"og:description\" content=\"Mediante nuestros servicios podremos brindarte todo lo necesario para una salud auditiva estable y funcional.\" \/>\n<meta property=\"og:url\" content=\"https:\/\/auribalance.org\/index.php\/servicios\/\" \/>\n<meta property=\"og:site_name\" content=\"auriBalance\" \/>\n<meta property=\"article:modified_time\" content=\"2025-10-14T02:59:35+00:00\" \/>\n<meta property=\"og:image\" content=\"https:\/\/auribalance.org\/wp-content\/uploads\/2024\/08\/cropped-auriBalance-logo-favicon.png\" \/>\n\t<meta property=\"og:image:width\" content=\"512\" \/>\n\t<meta property=\"og:image:height\" content=\"512\" \/>\n\t<meta property=\"og:image:type\" content=\"image\/png\" \/>\n<meta name=\"twitter:card\" content=\"summary_large_image\" \/>\n<meta name=\"twitter:label1\" content=\"Tiempo de lectura\" \/>\n\t<meta name=\"twitter:data1\" content=\"4 minutos\" \/>\n<script type=\"application\/ld+json\" class=\"yoast-schema-graph\">{\"@context\":\"https:\/\/schema.org\",\"@graph\":[{\"@type\":\"WebPage\",\"@id\":\"https:\/\/auribalance.org\/index.php\/servicios\/\",\"url\":\"https:\/\/auribalance.org\/index.php\/servicios\/\",\"name\":\"Servicios - auriBalance\",\"isPartOf\":{\"@id\":\"https:\/\/auribalance.org\/#website\"},\"datePublished\":\"2024-08-02T04:47:17+00:00\",\"dateModified\":\"2025-10-14T02:59:35+00:00\",\"breadcrumb\":{\"@id\":\"https:\/\/auribalance.org\/index.php\/servicios\/#breadcrumb\"},\"inLanguage\":\"es\",\"potentialAction\":[{\"@type\":\"ReadAction\",\"target\":[\"https:\/\/auribalance.org\/index.php\/servicios\/\"]}]},{\"@type\":\"BreadcrumbList\",\"@id\":\"https:\/\/auribalance.org\/index.php\/servicios\/#breadcrumb\",\"itemListElement\":[{\"@type\":\"ListItem\",\"position\":1,\"name\":\"Portada\",\"item\":\"https:\/\/auribalance.org\/\"},{\"@type\":\"ListItem\",\"position\":2,\"name\":\"Servicios\"}]},{\"@type\":\"WebSite\",\"@id\":\"https:\/\/auribalance.org\/#website\",\"url\":\"https:\/\/auribalance.org\/\",\"name\":\"auriBalance\",\"description\":\"Cl\u00ednica Integral de Audiolog\u00eda y Otoneurolog\u00eda\",\"potentialAction\":[{\"@type\":\"SearchAction\",\"target\":{\"@type\":\"EntryPoint\",\"urlTemplate\":\"https:\/\/auribalance.org\/?s={search_term_string}\"},\"query-input\":{\"@type\":\"PropertyValueSpecification\",\"valueRequired\":true,\"valueName\":\"search_term_string\"}}],\"inLanguage\":\"es\"}]}<\/script>\n<!-- \/ Yoast SEO plugin. -->","yoast_head_json":{"title":"Servicios - auriBalance","robots":{"index":"index","follow":"follow","max-snippet":"max-snippet:-1","max-image-preview":"max-image-preview:large","max-video-preview":"max-video-preview:-1"},"canonical":"https:\/\/auribalance.org\/index.php\/servicios\/","og_locale":"es_ES","og_type":"article","og_title":"Servicios","og_description":"Mediante nuestros servicios podremos brindarte todo lo necesario para una salud auditiva estable y funcional.","og_url":"https:\/\/auribalance.org\/index.php\/servicios\/","og_site_name":"auriBalance","article_modified_time":"2025-10-14T02:59:35+00:00","og_image":[{"width":512,"height":512,"url":"https:\/\/auribalance.org\/wp-content\/uploads\/2024\/08\/cropped-auriBalance-logo-favicon.png","type":"image\/png"}],"twitter_card":"summary_large_image","twitter_misc":{"Tiempo de lectura":"4 minutos"},"schema":{"@context":"https:\/\/schema.org","@graph":[{"@type":"WebPage","@id":"https:\/\/auribalance.org\/index.php\/servicios\/","url":"https:\/\/auribalance.org\/index.php\/servicios\/","name":"Servicios - auriBalance","isPartOf":{"@id":"https:\/\/auribalance.org\/#website"},"datePublished":"2024-08-02T04:47:17+00:00","dateModified":"2025-10-14T02:59:35+00:00","breadcrumb":{"@id":"https:\/\/auribalance.org\/index.php\/servicios\/#breadcrumb"},"inLanguage":"es","potentialAction":[{"@type":"ReadAction","target":["https:\/\/auribalance.org\/index.php\/servicios\/"]}]},{"@type":"BreadcrumbList","@id":"https:\/\/auribalance.org\/index.php\/servicios\/#breadcrumb","itemListElement":[{"@type":"ListItem","position":1,"name":"Portada","item":"https:\/\/auribalance.org\/"},{"@type":"ListItem","position":2,"name":"Servicios"}]},{"@type":"WebSite","@id":"https:\/\/auribalance.org\/#website","url":"https:\/\/auribalance.org\/","name":"auriBalance","description":"Cl\u00ednica Integral de Audiolog\u00eda y Otoneurolog\u00eda","potentialAction":[{"@type":"SearchAction","target":{"@type":"EntryPoint","urlTemplate":"https:\/\/auribalance.org\/?s={search_term_string}"},"query-input":{"@type":"PropertyValueSpecification","valueRequired":true,"valueName":"search_term_string"}}],"inLanguage":"es"}]}},"_links":{"self":[{"href":"https:\/\/auribalance.org\/index.php\/wp-json\/wp\/v2\/pages\/327","targetHints":{"allow":["GET"]}}],"collection":[{"href":"https:\/\/auribalance.org\/index.php\/wp-json\/wp\/v2\/pages"}],"about":[{"href":"https:\/\/auribalance.org\/index.php\/wp-json\/wp\/v2\/types\/page"}],"author":[{"embeddable":true,"href":"https:\/\/auribalance.org\/index.php\/wp-json\/wp\/v2\/users\/2"}],"replies":[{"embeddable":true,"href":"https:\/\/auribalance.org\/index.php\/wp-json\/wp\/v2\/comments?post=327"}],"version-history":[{"count":20,"href":"https:\/\/auribalance.org\/index.php\/wp-json\/wp\/v2\/pages\/327\/revisions"}],"predecessor-version":[{"id":548,"href":"https:\/\/auribalance.org\/index.php\/wp-json\/wp\/v2\/pages\/327\/revisions\/548"}],"wp:attachment":[{"href":"https:\/\/auribalance.org\/index.php\/wp-json\/wp\/v2\/media?parent=327"}],"curies":[{"name":"wp","href":"https:\/\/api.w.org\/{rel}","templated":true}]}}