{"id":367,"date":"2024-08-02T05:43:13","date_gmt":"2024-08-02T05:43:13","guid":{"rendered":"https:\/\/auribalance.org\/?page_id=367"},"modified":"2025-01-09T01:09:29","modified_gmt":"2025-01-09T01:09:29","slug":"contacto","status":"publish","type":"page","link":"https:\/\/auribalance.org\/index.php\/contacto\/","title":{"rendered":"Contacto"},"content":{"rendered":"<p>[et_pb_section fb_built=\u00bb1&#8243; _builder_version=\u00bb4.26.1&#8243; _module_preset=\u00bbdefault\u00bb background_image=\u00bbhttps:\/\/auribalance.org\/wp-content\/uploads\/2024\/08\/Background-barra-equipodetrabajo-3-min.png\u00bb custom_margin=\u00bb100px||||false|false\u00bb custom_margin_tablet=\u00bb65px||||false|false\u00bb custom_margin_phone=\u00bb65px||||false|false\u00bb custom_margin_last_edited=\u00bbon|phone\u00bb global_colors_info=\u00bb{}\u00bb][et_pb_row _builder_version=\u00bb4.26.1&#8243; _module_preset=\u00bbdefault\u00bb global_colors_info=\u00bb{}\u00bb][et_pb_column type=\u00bb4_4&#8243; _builder_version=\u00bb4.26.1&#8243; _module_preset=\u00bbdefault\u00bb global_colors_info=\u00bb{}\u00bb][et_pb_text _builder_version=\u00bb4.26.1&#8243; _module_preset=\u00bbdefault\u00bb header_font=\u00bbADega Serif||||||||\u00bb header_text_align=\u00bbcenter\u00bb header_font_size=\u00bb100px\u00bb header_letter_spacing=\u00bb-5px\u00bb custom_padding=\u00bb45px||46px|||\u00bb header_font_size_tablet=\u00bb\u00bb header_font_size_phone=\u00bb85px\u00bb header_font_size_last_edited=\u00bbon|phone\u00bb global_colors_info=\u00bb{}\u00bb]<\/p>\n<h1 style=\"background: -webkit-linear-gradient(-90deg, #9a6623 0%, #cab56d 35%, #56370f 100%) text; -webkit-text-fill-color: transparent;\">Contacto<\/h1>\n<p>[\/et_pb_text][\/et_pb_column][\/et_pb_row][\/et_pb_section][et_pb_section fb_built=\u00bb1&#8243; _builder_version=\u00bb4.26.1&#8243; _module_preset=\u00bbdefault\u00bb top_divider_style=\u00bbarrow3&#8243; top_divider_color=\u00bbrgba(224,208,206,0.73)\u00bb top_divider_height=\u00bb24px\u00bb global_colors_info=\u00bb{}\u00bb][et_pb_row _builder_version=\u00bb4.26.1&#8243; _module_preset=\u00bbdefault\u00bb global_colors_info=\u00bb{}\u00bb][et_pb_column type=\u00bb4_4&#8243; _builder_version=\u00bb4.26.1&#8243; _module_preset=\u00bbdefault\u00bb global_colors_info=\u00bb{}\u00bb][et_pb_code _builder_version=\u00bb4.26.1&#8243; _module_preset=\u00bbdefault\u00bb text_orientation=\u00bbcenter\u00bb global_colors_info=\u00bb{}\u00bb]<iframe src=\"https:\/\/www.google.com\/maps\/embed?pb=!1m14!1m8!1m3!1d491.24270430538496!2d-84.14410957977627!3d9.938814454785653!3m2!1i1024!2i768!4f13.1!3m3!1m2!1s0x8fa0fd66296a5de5%3A0x8311c9ea1d8e8630!2sauriBalance%20S.A!5e0!3m2!1ses-419!2smx!4v1722728824868!5m2!1ses-419!2smx\" width=\"1100\" height=\"400\" style=\"border:0;\" allowfullscreen=\"\" loading=\"lazy\" referrerpolicy=\"no-referrer-when-downgrade\"><\/iframe>[\/et_pb_code][\/et_pb_column][\/et_pb_row][et_pb_row column_structure=\u00bb1_2,1_2&#8243; _builder_version=\u00bb4.26.1&#8243; _module_preset=\u00bbdefault\u00bb global_colors_info=\u00bb{}\u00bb][et_pb_column type=\u00bb1_2&#8243; _builder_version=\u00bb4.26.1&#8243; _module_preset=\u00bbdefault\u00bb global_colors_info=\u00bb{}\u00bb][et_pb_text _builder_version=\u00bb4.26.1&#8243; _module_preset=\u00bbdefault\u00bb text_font=\u00bbAlmarai||||||||\u00bb text_text_color=\u00bb#000000&#8243; text_font_size=\u00bb16px\u00bb global_colors_info=\u00bb{}\u00bb]<\/p>\n\n<div class=\"wpcf7 no-js\" id=\"wpcf7-f373-o1\" lang=\"es-ES\" dir=\"ltr\" data-wpcf7-id=\"373\">\n<div class=\"screen-reader-response\"><p role=\"status\" aria-live=\"polite\" aria-atomic=\"true\"><\/p> <ul><\/ul><\/div>\n<form action=\"\/index.php\/wp-json\/wp\/v2\/pages\/367#wpcf7-f373-o1\" method=\"post\" class=\"wpcf7-form init cf7skins cf7t-fieldset-basic cf7s-default\" aria-label=\"Formulario de contacto\" novalidate=\"novalidate\" data-status=\"init\">\n<div style=\"display: none;\">\n<input type=\"hidden\" name=\"_wpcf7\" value=\"373\" \/>\n<input type=\"hidden\" name=\"_wpcf7_version\" value=\"6.0.2\" \/>\n<input type=\"hidden\" name=\"_wpcf7_locale\" value=\"es_ES\" \/>\n<input type=\"hidden\" name=\"_wpcf7_unit_tag\" value=\"wpcf7-f373-o1\" \/>\n<input type=\"hidden\" name=\"_wpcf7_container_post\" value=\"0\" \/>\n<input type=\"hidden\" name=\"_wpcf7_posted_data_hash\" value=\"\" \/>\n<input type=\"hidden\" name=\"_wpcf7_recaptcha_response\" value=\"\" \/>\n<\/div>\n<fieldset>\n\t<legend>Tus detalles<\/legend>\n\t<ol>\n\t\t<li><label for=''> Nombre Completo <em class=\"cf7s-reqd\">*<\/em> <\/label><span class=\"wpcf7-form-control-wrap\" data-name=\"text-531\"><input size=\"40\" maxlength=\"400\" class=\"wpcf7-form-control wpcf7-text wpcf7-validates-as-required\" aria-required=\"true\" aria-invalid=\"false\" value=\"\" type=\"text\" name=\"text-531\" \/><\/span> <\/li>\n\t\t<li><label for=''> Correo electr\u00f3nico <em class=\"cf7s-reqd\">*<\/em> <\/label><span class=\"wpcf7-form-control-wrap\" data-name=\"email-59\"><input size=\"40\" maxlength=\"400\" class=\"wpcf7-form-control wpcf7-email wpcf7-validates-as-required wpcf7-text wpcf7-validates-as-email\" aria-required=\"true\" aria-invalid=\"false\" value=\"\" type=\"email\" name=\"email-59\" \/><\/span> <\/li>\n\t\t<li><label for=''> Tel\u00e9fono de contacto <em class=\"cf7s-reqd\">*<\/em> <\/label><span class=\"wpcf7-form-control-wrap\" data-name=\"tel-659\"><input size=\"40\" maxlength=\"400\" class=\"wpcf7-form-control wpcf7-tel wpcf7-validates-as-required wpcf7-text wpcf7-validates-as-tel\" aria-required=\"true\" aria-invalid=\"false\" value=\"\" type=\"tel\" name=\"tel-659\" \/><\/span> <\/li>\n\t\t<li><label for=''> Motivo de consulta <em class=\"cf7s-reqd\">*<\/em> <\/label><span class=\"wpcf7-form-control-wrap\" data-name=\"textarea-727\"><textarea cols=\"40\" rows=\"10\" maxlength=\"2000\" class=\"wpcf7-form-control wpcf7-textarea wpcf7-validates-as-required\" aria-required=\"true\" aria-invalid=\"false\" name=\"textarea-727\"><\/textarea><\/span> <\/li>\n\t<\/ol>\n\t<input class=\"wpcf7-form-control wpcf7-submit has-spinner\" type=\"submit\" value=\"Enviar\" \/>\n\t<p>* Obligatorio<\/p>\n<\/fieldset><div class=\"wpcf7-response-output\" aria-hidden=\"true\"><\/div>\n<\/form>\n<\/div>\n\n<p>[\/et_pb_text][\/et_pb_column][et_pb_column type=\u00bb1_2&#8243; _builder_version=\u00bb4.26.1&#8243; _module_preset=\u00bbdefault\u00bb global_colors_info=\u00bb{}\u00bb][et_pb_text _builder_version=\u00bb4.26.1&#8243; _module_preset=\u00bbdefault\u00bb text_font=\u00bbAlmarai||||||||\u00bb text_font_size=\u00bb16px\u00bb text_line_height=\u00bb1.2em\u00bb hover_enabled=\u00bb0&#8243; global_colors_info=\u00bb{}\u00bb sticky_enabled=\u00bb0&#8243;]<\/p>\n<div class=\"et_pb_module et_pb_text et_pb_text_1  et_pb_text_align_left et_pb_bg_layout_light\">\n<div class=\"et_pb_text_inner\">\n<p><span style=\"color: #000000;\"><strong>Direcci\u00f3n:<\/strong><br \/>\nCosta Rica, San Jos\u00e9, Escaz\u00fa, San Rafael. Hospital CIMA, Torre 3, Piso 2, Consultorio 209<\/span><\/p>\n<p><span style=\"color: #000000;\"><strong>Oficina:<\/strong><br \/>\n506 2208 8280<\/span><\/p>\n<p><span style=\"color: #000000;\"><strong>WhatsApp:<\/strong><br \/>\n506 7275 2251<br \/>\n506 8461 7935<br \/>\n<\/span><\/p>\n<p><span style=\"color: #000000;\"><strong>Correo electr\u00f3nico:<\/strong><br \/>\ninfo@auribalance.org<\/span><\/p>\n<\/div>\n<\/div>\n<p>[\/et_pb_text][\/et_pb_column][\/et_pb_row][\/et_pb_section]<\/p>\n","protected":false},"excerpt":{"rendered":"<p>Contacto\n<div class=\"wpcf7 no-js\" id=\"wpcf7-f373-o2\" lang=\"es-ES\" dir=\"ltr\" data-wpcf7-id=\"373\">\n<div class=\"screen-reader-response\"><p role=\"status\" aria-live=\"polite\" aria-atomic=\"true\"><\/p> <ul><\/ul><\/div>\n<form action=\"\/index.php\/wp-json\/wp\/v2\/pages\/367#wpcf7-f373-o2\" method=\"post\" class=\"wpcf7-form init cf7skins cf7t-fieldset-basic cf7s-default\" aria-label=\"Formulario de contacto\" novalidate=\"novalidate\" data-status=\"init\">\n<div style=\"display: none;\">\n<input type=\"hidden\" name=\"_wpcf7\" value=\"373\" \/>\n<input type=\"hidden\" name=\"_wpcf7_version\" value=\"6.0.2\" \/>\n<input type=\"hidden\" name=\"_wpcf7_locale\" value=\"es_ES\" \/>\n<input type=\"hidden\" name=\"_wpcf7_unit_tag\" value=\"wpcf7-f373-o2\" \/>\n<input type=\"hidden\" name=\"_wpcf7_container_post\" value=\"0\" \/>\n<input type=\"hidden\" name=\"_wpcf7_posted_data_hash\" value=\"\" \/>\n<input type=\"hidden\" name=\"_wpcf7_recaptcha_response\" value=\"\" \/>\n<\/div>\n<fieldset>\n\t<legend>Tus detalles<\/legend>\n\t<ol>\n\t\t<li><label for='text-531'> Nombre Completo <em class=\"cf7s-reqd\">*<\/em> <\/label><span class=\"wpcf7-form-control-wrap\" data-name=\"text-531\"><input size=\"40\" maxlength=\"400\" class=\"wpcf7-form-control wpcf7-text wpcf7-validates-as-required\" aria-required=\"true\" aria-invalid=\"false\" value=\"\" type=\"text\" name=\"text-531\" \/><\/span> <\/li>\n\t\t<li><label for='email-59'> Correo electr\u00f3nico <em class=\"cf7s-reqd\">*<\/em> <\/label><span class=\"wpcf7-form-control-wrap\" data-name=\"email-59\"><input size=\"40\" maxlength=\"400\" class=\"wpcf7-form-control wpcf7-email wpcf7-validates-as-required wpcf7-text wpcf7-validates-as-email\" aria-required=\"true\" aria-invalid=\"false\" value=\"\" type=\"email\" name=\"email-59\" \/><\/span> <\/li>\n\t\t<li><label for='tel-659'> Tel\u00e9fono de contacto <em class=\"cf7s-reqd\">*<\/em> <\/label><span class=\"wpcf7-form-control-wrap\" data-name=\"tel-659\"><input size=\"40\" maxlength=\"400\" class=\"wpcf7-form-control wpcf7-tel wpcf7-validates-as-required wpcf7-text wpcf7-validates-as-tel\" aria-required=\"true\" aria-invalid=\"false\" value=\"\" type=\"tel\" name=\"tel-659\" \/><\/span> <\/li>\n\t\t<li><label for='textarea-727'> Motivo de consulta <em class=\"cf7s-reqd\">*<\/em> <\/label><span class=\"wpcf7-form-control-wrap\" data-name=\"textarea-727\"><textarea cols=\"40\" rows=\"10\" maxlength=\"2000\" class=\"wpcf7-form-control wpcf7-textarea wpcf7-validates-as-required\" aria-required=\"true\" aria-invalid=\"false\" name=\"textarea-727\"><\/textarea><\/span> <\/li>\n\t<\/ol>\n\t<input class=\"wpcf7-form-control wpcf7-submit has-spinner\" type=\"submit\" value=\"Enviar\" \/>\n\t<p>* Obligatorio<\/p>\n<\/fieldset><div class=\"wpcf7-response-output\" aria-hidden=\"true\"><\/div>\n<\/form>\n<\/div>\n Direcci\u00f3n: Costa Rica, San Jos\u00e9, Escaz\u00fa, San Rafael. Hospital CIMA, Torre 3, Piso 2, Consultorio 209 Oficina: 506 2208 8280 WhatsApp: 506 7275 2251 506 8461 7935 Correo electr\u00f3nico: info@auribalance.org<\/p>\n","protected":false},"author":2,"featured_media":0,"parent":0,"menu_order":0,"comment_status":"closed","ping_status":"closed","template":"","meta":{"_et_pb_use_builder":"on","_et_pb_old_content":"","_et_gb_content_width":"","footnotes":""},"class_list":["post-367","page","type-page","status-publish","hentry"],"yoast_head":"<!-- This site is optimized with the Yoast SEO plugin v24.1 - https:\/\/yoast.com\/wordpress\/plugins\/seo\/ -->\n<title>Contacto - auriBalance<\/title>\n<meta name=\"robots\" content=\"index, follow, max-snippet:-1, max-image-preview:large, max-video-preview:-1\" \/>\n<link rel=\"canonical\" href=\"https:\/\/auribalance.org\/index.php\/contacto\/\" \/>\n<meta property=\"og:locale\" content=\"es_ES\" \/>\n<meta property=\"og:type\" content=\"article\" \/>\n<meta property=\"og:title\" content=\"Contacto\" \/>\n<meta property=\"og:description\" content=\"Env\u00edanos un mensaje y con todo gusto te atenderemos.\" \/>\n<meta property=\"og:url\" content=\"https:\/\/auribalance.org\/index.php\/contacto\/\" \/>\n<meta property=\"og:site_name\" content=\"auriBalance\" \/>\n<meta property=\"article:modified_time\" content=\"2025-01-09T01:09:29+00:00\" \/>\n<meta property=\"og:image\" content=\"https:\/\/auribalance.org\/wp-content\/uploads\/2024\/08\/cropped-auriBalance-logo-favicon.png\" \/>\n\t<meta property=\"og:image:width\" content=\"512\" \/>\n\t<meta property=\"og:image:height\" content=\"512\" \/>\n\t<meta property=\"og:image:type\" content=\"image\/png\" \/>\n<meta name=\"twitter:card\" content=\"summary_large_image\" \/>\n<meta name=\"twitter:label1\" content=\"Tiempo de lectura\" \/>\n\t<meta name=\"twitter:data1\" content=\"1 minuto\" \/>\n<script type=\"application\/ld+json\" class=\"yoast-schema-graph\">{\"@context\":\"https:\/\/schema.org\",\"@graph\":[{\"@type\":\"WebPage\",\"@id\":\"https:\/\/auribalance.org\/index.php\/contacto\/\",\"url\":\"https:\/\/auribalance.org\/index.php\/contacto\/\",\"name\":\"Contacto - auriBalance\",\"isPartOf\":{\"@id\":\"https:\/\/auribalance.org\/#website\"},\"datePublished\":\"2024-08-02T05:43:13+00:00\",\"dateModified\":\"2025-01-09T01:09:29+00:00\",\"breadcrumb\":{\"@id\":\"https:\/\/auribalance.org\/index.php\/contacto\/#breadcrumb\"},\"inLanguage\":\"es\",\"potentialAction\":[{\"@type\":\"ReadAction\",\"target\":[\"https:\/\/auribalance.org\/index.php\/contacto\/\"]}]},{\"@type\":\"BreadcrumbList\",\"@id\":\"https:\/\/auribalance.org\/index.php\/contacto\/#breadcrumb\",\"itemListElement\":[{\"@type\":\"ListItem\",\"position\":1,\"name\":\"Portada\",\"item\":\"https:\/\/auribalance.org\/\"},{\"@type\":\"ListItem\",\"position\":2,\"name\":\"Contacto\"}]},{\"@type\":\"WebSite\",\"@id\":\"https:\/\/auribalance.org\/#website\",\"url\":\"https:\/\/auribalance.org\/\",\"name\":\"auriBalance\",\"description\":\"Cl\u00ednica Integral de Audiolog\u00eda y Otoneurolog\u00eda\",\"potentialAction\":[{\"@type\":\"SearchAction\",\"target\":{\"@type\":\"EntryPoint\",\"urlTemplate\":\"https:\/\/auribalance.org\/?s={search_term_string}\"},\"query-input\":{\"@type\":\"PropertyValueSpecification\",\"valueRequired\":true,\"valueName\":\"search_term_string\"}}],\"inLanguage\":\"es\"}]}<\/script>\n<!-- \/ Yoast SEO plugin. -->","yoast_head_json":{"title":"Contacto - auriBalance","robots":{"index":"index","follow":"follow","max-snippet":"max-snippet:-1","max-image-preview":"max-image-preview:large","max-video-preview":"max-video-preview:-1"},"canonical":"https:\/\/auribalance.org\/index.php\/contacto\/","og_locale":"es_ES","og_type":"article","og_title":"Contacto","og_description":"Env\u00edanos un mensaje y con todo gusto te atenderemos.","og_url":"https:\/\/auribalance.org\/index.php\/contacto\/","og_site_name":"auriBalance","article_modified_time":"2025-01-09T01:09:29+00:00","og_image":[{"width":512,"height":512,"url":"https:\/\/auribalance.org\/wp-content\/uploads\/2024\/08\/cropped-auriBalance-logo-favicon.png","type":"image\/png"}],"twitter_card":"summary_large_image","twitter_misc":{"Tiempo de lectura":"1 minuto"},"schema":{"@context":"https:\/\/schema.org","@graph":[{"@type":"WebPage","@id":"https:\/\/auribalance.org\/index.php\/contacto\/","url":"https:\/\/auribalance.org\/index.php\/contacto\/","name":"Contacto - auriBalance","isPartOf":{"@id":"https:\/\/auribalance.org\/#website"},"datePublished":"2024-08-02T05:43:13+00:00","dateModified":"2025-01-09T01:09:29+00:00","breadcrumb":{"@id":"https:\/\/auribalance.org\/index.php\/contacto\/#breadcrumb"},"inLanguage":"es","potentialAction":[{"@type":"ReadAction","target":["https:\/\/auribalance.org\/index.php\/contacto\/"]}]},{"@type":"BreadcrumbList","@id":"https:\/\/auribalance.org\/index.php\/contacto\/#breadcrumb","itemListElement":[{"@type":"ListItem","position":1,"name":"Portada","item":"https:\/\/auribalance.org\/"},{"@type":"ListItem","position":2,"name":"Contacto"}]},{"@type":"WebSite","@id":"https:\/\/auribalance.org\/#website","url":"https:\/\/auribalance.org\/","name":"auriBalance","description":"Cl\u00ednica Integral de Audiolog\u00eda y Otoneurolog\u00eda","potentialAction":[{"@type":"SearchAction","target":{"@type":"EntryPoint","urlTemplate":"https:\/\/auribalance.org\/?s={search_term_string}"},"query-input":{"@type":"PropertyValueSpecification","valueRequired":true,"valueName":"search_term_string"}}],"inLanguage":"es"}]}},"_links":{"self":[{"href":"https:\/\/auribalance.org\/index.php\/wp-json\/wp\/v2\/pages\/367","targetHints":{"allow":["GET"]}}],"collection":[{"href":"https:\/\/auribalance.org\/index.php\/wp-json\/wp\/v2\/pages"}],"about":[{"href":"https:\/\/auribalance.org\/index.php\/wp-json\/wp\/v2\/types\/page"}],"author":[{"embeddable":true,"href":"https:\/\/auribalance.org\/index.php\/wp-json\/wp\/v2\/users\/2"}],"replies":[{"embeddable":true,"href":"https:\/\/auribalance.org\/index.php\/wp-json\/wp\/v2\/comments?post=367"}],"version-history":[{"count":20,"href":"https:\/\/auribalance.org\/index.php\/wp-json\/wp\/v2\/pages\/367\/revisions"}],"predecessor-version":[{"id":521,"href":"https:\/\/auribalance.org\/index.php\/wp-json\/wp\/v2\/pages\/367\/revisions\/521"}],"wp:attachment":[{"href":"https:\/\/auribalance.org\/index.php\/wp-json\/wp\/v2\/media?parent=367"}],"curies":[{"name":"wp","href":"https:\/\/api.w.org\/{rel}","templated":true}]}}